{"id":5203,"date":"2026-04-20T15:40:23","date_gmt":"2026-04-20T12:40:23","guid":{"rendered":"https:\/\/shekinashop.tz\/deezsupermarket\/?post_type=product&#038;p=5203"},"modified":"2026-04-20T15:40:23","modified_gmt":"2026-04-20T12:40:23","slug":"multi-plugin-tronic","status":"publish","type":"product","link":"https:\/\/shekinashop.tz\/deezsupermarket\/product\/multi-plugin-tronic\/","title":{"rendered":"MULTI PLUGIN TRONIC"},"content":{"rendered":"<p>Tronic Multi Plugin allows multiple devices to be connected safely at once. Built with safety features and durable materials, it is ideal for home and office use.<\/p>\n<p>&nbsp;<\/p>\n<ul data-start=\"3675\" data-end=\"3842\">\n<li data-start=\"3675\" data-end=\"3748\"><strong data-start=\"3677\" data-end=\"3689\">Swahili:<\/strong> Soketi ya umeme yenye nafasi nyingi kwa matumizi salama.<\/li>\n<li data-start=\"3749\" data-end=\"3797\"><strong data-start=\"3751\" data-end=\"3762\">French:<\/strong> Multiprise \u00e9lectrique s\u00e9curis\u00e9e.<\/li>\n<\/ul>\n<p>extension, power<br data-start=\"3874\" data-end=\"3877\" \/>#Electric #Home<\/p>\n","protected":false},"excerpt":{"rendered":"<p>Multi-socket power extension for safe and convenient electrical connections.<\/p>\n","protected":false},"featured_media":5204,"comment_status":"open","ping_status":"closed","template":"","meta":[],"product_brand":[364],"product_cat":[15],"product_tag":[365,201,366],"class_list":{"0":"post-5203","1":"product","2":"type-product","3":"status-publish","4":"has-post-thumbnail","6":"product_brand-tronic","7":"product_cat-uncategorized","8":"product_tag-electric-device","9":"product_tag-electronics","10":"product_tag-tronic","12":"first","13":"instock","14":"shipping-taxable","15":"purchasable","16":"product-type-simple"},"_links":{"self":[{"href":"https:\/\/shekinashop.tz\/deezsupermarket\/wp-json\/wp\/v2\/product\/5203","targetHints":{"allow":["GET"]}}],"collection":[{"href":"https:\/\/shekinashop.tz\/deezsupermarket\/wp-json\/wp\/v2\/product"}],"about":[{"href":"https:\/\/shekinashop.tz\/deezsupermarket\/wp-json\/wp\/v2\/types\/product"}],"replies":[{"embeddable":true,"href":"https:\/\/shekinashop.tz\/deezsupermarket\/wp-json\/wp\/v2\/comments?post=5203"}],"wp:featuredmedia":[{"embeddable":true,"href":"https:\/\/shekinashop.tz\/deezsupermarket\/wp-json\/wp\/v2\/media\/5204"}],"wp:attachment":[{"href":"https:\/\/shekinashop.tz\/deezsupermarket\/wp-json\/wp\/v2\/media?parent=5203"}],"wp:term":[{"taxonomy":"product_brand","embeddable":true,"href":"https:\/\/shekinashop.tz\/deezsupermarket\/wp-json\/wp\/v2\/product_brand?post=5203"},{"taxonomy":"product_cat","embeddable":true,"href":"https:\/\/shekinashop.tz\/deezsupermarket\/wp-json\/wp\/v2\/product_cat?post=5203"},{"taxonomy":"product_tag","embeddable":true,"href":"https:\/\/shekinashop.tz\/deezsupermarket\/wp-json\/wp\/v2\/product_tag?post=5203"}],"curies":[{"name":"wp","href":"https:\/\/api.w.org\/{rel}","templated":true}]}}